{"id":1266,"date":"2016-01-25T16:09:09","date_gmt":"2016-01-25T16:09:09","guid":{"rendered":"http:\/\/www.pinelas.com\/?page_id=1266"},"modified":"2022-02-18T19:20:34","modified_gmt":"2022-02-18T19:20:34","slug":"impresion-3d","status":"publish","type":"page","link":"https:\/\/www.pinelas.com\/?page_id=1266","title":{"rendered":"Impresi\u00f3n 3D"},"content":{"rendered":"<p>Ofrecemos servicios de impresi\u00f3n 3d mediante FORM 2&nbsp; de Formlabs y enviamos a toda Espa\u00f1a y Europa.<\/p>\n<hr>\n<h2><strong>Resina WHITE<\/strong><\/h2>\n<p>Con una resoluci\u00f3n en Z de 0.1mm o&nbsp; 0.05mm,est\u00e1 resina es ideal para imprimir Art toys, esculturas , miniaturas, etc&#8230; Esta resina permite realizar moldes de silicona directamente.<\/p>\n<p>Precio de impresi\u00f3n: a partir de 12\u20ac* + IVA. Envio no incluido.<\/p>\n<p>\n<div class=\"ngg-galleryoverview\" id=\"ngg-gallery-697585753a82aadd70c4f3df52891d91-1266\">\n\n\t\t\n\t<!-- Thumbnails -->\n\t\t\t\t\n\t<div id=\"ngg-image-175\" class=\"ngg-gallery-thumbnail-box\"\n\t\t\t\t\t\t\t\t\tstyle=\"width:16%;\"\t>\n\t\t<div class=\"ngg-gallery-thumbnail\" >\n\t\t\t<a href=\"\n\t\t\thttps:\/\/www.pinelas.com\/wp-content\/gallery\/ResinaBlanca\/Bulldog_mugs_Compo02.jpg?t=1598203552\t\t\t\"\n\t\t\t\ttitle=\"Resina blanca, Resoluci\u00f3n Z:0.05mm. Imprimado en gris para que se vean mejor el paso de capa y los detalles en la fotograf\u00eda. Modelo de unos 13cm de alto.\"\n\t\t\t\tclass=\"ngg-fancybox\" rel=\"697585753a82aadd70c4f3df52891d91\" data-image-id=\"175\" data-src=\"https:\/\/www.pinelas.com\/wp-content\/gallery\/ResinaBlanca\/Bulldog_mugs_Compo02.jpg?t=1598203552\" data-thumbnail=\"https:\/\/www.pinelas.com\/wp-content\/gallery\/ResinaBlanca\/thumbs\/thumbs_Bulldog_mugs_Compo02.jpg?t=1598203552\" data-title=\"Modelo impreso en Form2 de formlabs\" data-description=\"Resina blanca, Resoluci\u00f3n Z:0.05mm. Imprimado en gris para que se vean mejor el paso de capa y los detalles en la fotograf\u00eda. Modelo de unos 13cm de alto.\"\t\t\t\t>\n\t\t\t\t\t\t\t\t<img title=\"Modelo impreso en Form2 de formlabs\" alt=\"Modelo impreso en Form2 de formlabs\" src=\"\n\t\t\t\t\t\t\t\t\t\thttps:\/\/www.pinelas.com\/wp-content\/gallery\/ResinaBlanca\/thumbs\/thumbs_Bulldog_mugs_Compo02.jpg?t=1598203552\t\t\t\t\"\n\t\t\t\t\twidth='150' height='150'\t\t\t\t\/>\n\t\t\t\t\t\t\t<\/a>\n\t\t<\/div>\n\t<\/div>\n\n\t\t\t\t\t\t\t\t\t\t\t\t\t\t\n\t\n\t<div id=\"ngg-image-165\" class=\"ngg-gallery-thumbnail-box\"\n\t\t\t\t\t\t\t\t\tstyle=\"width:16%;\"\t>\n\t\t<div class=\"ngg-gallery-thumbnail\" >\n\t\t\t<a href=\"\n\t\t\thttps:\/\/www.pinelas.com\/wp-content\/gallery\/ResinaBlanca\/DSC_7192_R_800x.jpg?t=1478611622\t\t\t\"\n\t\t\t\ttitle=\"Resina blanca, Resoluci\u00f3n Z: 0.05mm\"\n\t\t\t\tclass=\"ngg-fancybox\" rel=\"697585753a82aadd70c4f3df52891d91\" data-image-id=\"165\" data-src=\"https:\/\/www.pinelas.com\/wp-content\/gallery\/ResinaBlanca\/DSC_7192_R_800x.jpg?t=1478611622\" data-thumbnail=\"https:\/\/www.pinelas.com\/wp-content\/gallery\/ResinaBlanca\/thumbs\/thumbs_DSC_7192_R_800x.jpg?t=1478611622\" data-title=\"Modelo Impreso en Form 2 de Formlabs\" data-description=\"Resina blanca, Resoluci\u00f3n Z: 0.05mm\"\t\t\t\t>\n\t\t\t\t\t\t\t\t<img title=\"Modelo Impreso en Form 2 de Formlabs\" alt=\"Modelo Impreso en Form 2 de Formlabs\" src=\"\n\t\t\t\t\t\t\t\t\t\thttps:\/\/www.pinelas.com\/wp-content\/gallery\/ResinaBlanca\/thumbs\/thumbs_DSC_7192_R_800x.jpg?t=1478611622\t\t\t\t\"\n\t\t\t\t\twidth='150' height='150'\t\t\t\t\/>\n\t\t\t\t\t\t\t<\/a>\n\t\t<\/div>\n\t<\/div>\n\n\t\t\t\t\t\t\t\t\t\t\t\t\t\t\n\t\n\t<div id=\"ngg-image-168\" class=\"ngg-gallery-thumbnail-box\"\n\t\t\t\t\t\t\t\t\tstyle=\"width:16%;\"\t>\n\t\t<div class=\"ngg-gallery-thumbnail\" >\n\t\t\t<a href=\"\n\t\t\thttps:\/\/www.pinelas.com\/wp-content\/gallery\/ResinaBlanca\/Taz%C3%B3n_Panda_Img03.jpg?t=1478611622\t\t\t\"\n\t\t\t\ttitle=\"Resina blanca, Resoluci\u00f3n Z: 0.05mm\"\n\t\t\t\tclass=\"ngg-fancybox\" rel=\"697585753a82aadd70c4f3df52891d91\" data-image-id=\"168\" data-src=\"https:\/\/www.pinelas.com\/wp-content\/gallery\/ResinaBlanca\/Taz%C3%B3n_Panda_Img03.jpg?t=1478611622\" data-thumbnail=\"https:\/\/www.pinelas.com\/wp-content\/gallery\/ResinaBlanca\/thumbs\/thumbs_Taz%C3%B3n_Panda_Img03.jpg?t=1478611622\" data-title=\"Modelo Impreso en Form 2 de Formlabs\" data-description=\"Resina blanca, Resoluci\u00f3n Z: 0.05mm\"\t\t\t\t>\n\t\t\t\t\t\t\t\t<img title=\"Modelo Impreso en Form 2 de Formlabs\" alt=\"Modelo Impreso en Form 2 de Formlabs\" src=\"\n\t\t\t\t\t\t\t\t\t\thttps:\/\/www.pinelas.com\/wp-content\/gallery\/ResinaBlanca\/thumbs\/thumbs_Taz%C3%B3n_Panda_Img03.jpg?t=1478611622\t\t\t\t\"\n\t\t\t\t\twidth='150' height='150'\t\t\t\t\/>\n\t\t\t\t\t\t\t<\/a>\n\t\t<\/div>\n\t<\/div>\n\n\t\t\t\t\t\t\t\t\t\t\t\t\t\t\n\t\n\t<div id=\"ngg-image-166\" class=\"ngg-gallery-thumbnail-box\"\n\t\t\t\t\t\t\t\t\tstyle=\"width:16%;\"\t>\n\t\t<div class=\"ngg-gallery-thumbnail\" >\n\t\t\t<a href=\"\n\t\t\thttps:\/\/www.pinelas.com\/wp-content\/gallery\/ResinaBlanca\/Taz%C3%B3n_Panda_Img01.png?t=1478611622\t\t\t\"\n\t\t\t\ttitle=\"El molde se realiz\u00f3 directamente desde modelo impreso en resina blanca.\"\n\t\t\t\tclass=\"ngg-fancybox\" rel=\"697585753a82aadd70c4f3df52891d91\" data-image-id=\"166\" data-src=\"https:\/\/www.pinelas.com\/wp-content\/gallery\/ResinaBlanca\/Taz%C3%B3n_Panda_Img01.png?t=1478611622\" data-thumbnail=\"https:\/\/www.pinelas.com\/wp-content\/gallery\/ResinaBlanca\/thumbs\/thumbs_Taz%C3%B3n_Panda_Img01.png?t=1478611622\" data-title=\"Taz\u00f3n en cer\u00e1mica\" data-description=\"El molde se realiz\u00f3 directamente desde modelo impreso en resina blanca.\"\t\t\t\t>\n\t\t\t\t\t\t\t\t<img title=\"Taz\u00f3n en cer\u00e1mica\" alt=\"Taz\u00f3n en cer\u00e1mica\" src=\"\n\t\t\t\t\t\t\t\t\t\thttps:\/\/www.pinelas.com\/wp-content\/gallery\/ResinaBlanca\/thumbs\/thumbs_Taz%C3%B3n_Panda_Img01.png?t=1478611622\t\t\t\t\"\n\t\t\t\t\twidth='150' height='150'\t\t\t\t\/>\n\t\t\t\t\t\t\t<\/a>\n\t\t<\/div>\n\t<\/div>\n\n\t\t\t\t\t\t\t\t\t\t\t\t\t\t\n\t\n\t<div id=\"ngg-image-171\" class=\"ngg-gallery-thumbnail-box\"\n\t\t\t\t\t\t\t\t\tstyle=\"width:16%;\"\t>\n\t\t<div class=\"ngg-gallery-thumbnail\" >\n\t\t\t<a href=\"\n\t\t\thttps:\/\/www.pinelas.com\/wp-content\/gallery\/ResinaBlanca\/DSC_7235_800x.jpg?t=1478611622\t\t\t\"\n\t\t\t\ttitle=\"Resina blanca, Resoluci\u00f3n Z: 0.05mm. 8 x 4.5 x 2.7cm. Aplicada imprimaci\u00f3n y envejecido para ver los detalles. Se pueden ver los huecos de los ladrillos que son de 0.25mm\"\n\t\t\t\tclass=\"ngg-fancybox\" rel=\"697585753a82aadd70c4f3df52891d91\" data-image-id=\"171\" data-src=\"https:\/\/www.pinelas.com\/wp-content\/gallery\/ResinaBlanca\/DSC_7235_800x.jpg?t=1478611622\" data-thumbnail=\"https:\/\/www.pinelas.com\/wp-content\/gallery\/ResinaBlanca\/thumbs\/thumbs_DSC_7235_800x.jpg?t=1478611622\" data-title=\"Fachada escala 1:87 impreso en Form 2 de Formlabs\" data-description=\"Resina blanca, Resoluci\u00f3n Z: 0.05mm. 8 x 4.5 x 2.7cm. Aplicada imprimaci\u00f3n y envejecido para ver los detalles. Se pueden ver los huecos de los ladrillos que son de 0.25mm\"\t\t\t\t>\n\t\t\t\t\t\t\t\t<img title=\"Fachada escala 1:87 impreso en Form 2 de Formlabs\" alt=\"Fachada escala 1:87 impreso en Form 2 de Formlabs\" src=\"\n\t\t\t\t\t\t\t\t\t\thttps:\/\/www.pinelas.com\/wp-content\/gallery\/ResinaBlanca\/thumbs\/thumbs_DSC_7235_800x.jpg?t=1478611622\t\t\t\t\"\n\t\t\t\t\twidth='150' height='150'\t\t\t\t\/>\n\t\t\t\t\t\t\t<\/a>\n\t\t<\/div>\n\t<\/div>\n\n\t\t\t\t\t\t\t\t\t\t\t\t\t\t\n\t\n\t<div id=\"ngg-image-169\" class=\"ngg-gallery-thumbnail-box\"\n\t\t\t\t\t\t\t\t\tstyle=\"width:16%;\"\t>\n\t\t<div class=\"ngg-gallery-thumbnail\" >\n\t\t\t<a href=\"\n\t\t\thttps:\/\/www.pinelas.com\/wp-content\/gallery\/ResinaBlanca\/IMG-20160126-WA0008.jpg?t=1478611622\t\t\t\"\n\t\t\t\ttitle=\"Resina blanca, resoluci\u00f3n Z: 0.05mm aplicada imprimaci\u00f3n.\"\n\t\t\t\tclass=\"ngg-fancybox\" rel=\"697585753a82aadd70c4f3df52891d91\" data-image-id=\"169\" data-src=\"https:\/\/www.pinelas.com\/wp-content\/gallery\/ResinaBlanca\/IMG-20160126-WA0008.jpg?t=1478611622\" data-thumbnail=\"https:\/\/www.pinelas.com\/wp-content\/gallery\/ResinaBlanca\/thumbs\/thumbs_IMG-20160126-WA0008.jpg?t=1478611622\" data-title=\"Zodiac escala 1:87 impreso en Form 2 de Formlabs\" data-description=\"Resina blanca, resoluci\u00f3n Z: 0.05mm aplicada imprimaci\u00f3n.\"\t\t\t\t>\n\t\t\t\t\t\t\t\t<img title=\"Zodiac escala 1:87 impreso en Form 2 de Formlabs\" alt=\"Zodiac escala 1:87 impreso en Form 2 de Formlabs\" src=\"\n\t\t\t\t\t\t\t\t\t\thttps:\/\/www.pinelas.com\/wp-content\/gallery\/ResinaBlanca\/thumbs\/thumbs_IMG-20160126-WA0008.jpg?t=1478611622\t\t\t\t\"\n\t\t\t\t\twidth='150' height='150'\t\t\t\t\/>\n\t\t\t\t\t\t\t<\/a>\n\t\t<\/div>\n\t<\/div>\n\n\t\t\t\t\t\t\t\t\t\t\t\t\t<br style=\"clear: both\" \/>\n\t\t\t\t\t\t\n\t\n\t<div id=\"ngg-image-170\" class=\"ngg-gallery-thumbnail-box\"\n\t\t\t\t\t\t\t\t\tstyle=\"width:16%;\"\t>\n\t\t<div class=\"ngg-gallery-thumbnail\" >\n\t\t\t<a href=\"\n\t\t\thttps:\/\/www.pinelas.com\/wp-content\/gallery\/ResinaBlanca\/DSC_7203_R.jpg?t=1478611622\t\t\t\"\n\t\t\t\ttitle=\"Resina blanca, resoluci\u00f3n Z: 0.05mm aplicada imprimaci\u00f3n.\"\n\t\t\t\tclass=\"ngg-fancybox\" rel=\"697585753a82aadd70c4f3df52891d91\" data-image-id=\"170\" data-src=\"https:\/\/www.pinelas.com\/wp-content\/gallery\/ResinaBlanca\/DSC_7203_R.jpg?t=1478611622\" data-thumbnail=\"https:\/\/www.pinelas.com\/wp-content\/gallery\/ResinaBlanca\/thumbs\/thumbs_DSC_7203_R.jpg?t=1478611622\" data-title=\"Barca rescale escala 1:87 impreso en Form 2 de Formlabs\" data-description=\"Resina blanca, resoluci\u00f3n Z: 0.05mm aplicada imprimaci\u00f3n.\"\t\t\t\t>\n\t\t\t\t\t\t\t\t<img title=\"Barca rescale escala 1:87 impreso en Form 2 de Formlabs\" alt=\"Barca rescale escala 1:87 impreso en Form 2 de Formlabs\" src=\"\n\t\t\t\t\t\t\t\t\t\thttps:\/\/www.pinelas.com\/wp-content\/gallery\/ResinaBlanca\/thumbs\/thumbs_DSC_7203_R.jpg?t=1478611622\t\t\t\t\"\n\t\t\t\t\twidth='150' height='150'\t\t\t\t\/>\n\t\t\t\t\t\t\t<\/a>\n\t\t<\/div>\n\t<\/div>\n\n\t\t\t\t\t\t\t\t\t\t\t\t\t\t\n\t\n\t<!-- Pagination -->\n\t\t<div class='ngg-clear'><\/div>\n<\/div>\n\n\t<\/p>\n<hr>\n<h2><strong>Resina BLACK<\/strong><\/h2>\n<p>Con una resoluci\u00f3n en Z de 0.1mm, 0.05mm o 0.025mm, es ideal para piezas que necesiten mucha resoluci\u00f3n y tama\u00f1os no muy grandes.<\/p>\n<p>Precio de impresi\u00f3n: a partir de 12\u20ac + IVA. Envio no incluido.<\/p>\n<hr>\n<h2><strong>Resina CASTABLE ( FUNDIBLE)<\/strong><\/h2>\n<p>Con una resoluci\u00f3n de 0.05mm y 0.025mm . Esta resina la usamos principalmente para joyeria ya que permite ser fundida (lat\u00f3n,bronce,plata y oro)<\/p>\n<p>Precio de impresi\u00f3n: a partir de 12\u20ac+ IVA. Envio no includo<\/p>\n<p>\n<div class=\"ngg-galleryoverview\" id=\"ngg-gallery-97b1feb7f4a3a4fb0aee6f51dd0b4cb4-1266\">\n\n\t\t\n\t<!-- Thumbnails -->\n\t\t\t\t\n\t<div id=\"ngg-image-205\" class=\"ngg-gallery-thumbnail-box\"\n\t\t\t\t\t\t\t\t\tstyle=\"width:16%;\"\t>\n\t\t<div class=\"ngg-gallery-thumbnail\" >\n\t\t\t<a href=\"\n\t\t\thttps:\/\/www.pinelas.com\/wp-content\/gallery\/ResinaCastable\/Ring_Bulldog_Compo02.jpg?t=1598203552\t\t\t\"\n\t\t\t\ttitle=\" \"\n\t\t\t\tclass=\"ngg-fancybox\" rel=\"97b1feb7f4a3a4fb0aee6f51dd0b4cb4\" data-image-id=\"205\" data-src=\"https:\/\/www.pinelas.com\/wp-content\/gallery\/ResinaCastable\/Ring_Bulldog_Compo02.jpg?t=1598203552\" data-thumbnail=\"https:\/\/www.pinelas.com\/wp-content\/gallery\/ResinaCastable\/thumbs\/thumbs_Ring_Bulldog_Compo02.jpg?t=1598203552\" data-title=\"Ring_Bulldog_Compo02\" data-description=\" \"\t\t\t\t>\n\t\t\t\t\t\t\t\t<img title=\"Ring_Bulldog_Compo02\" alt=\"Ring_Bulldog_Compo02\" src=\"\n\t\t\t\t\t\t\t\t\t\thttps:\/\/www.pinelas.com\/wp-content\/gallery\/ResinaCastable\/thumbs\/thumbs_Ring_Bulldog_Compo02.jpg?t=1598203552\t\t\t\t\"\n\t\t\t\t\twidth='150' height='150'\t\t\t\t\/>\n\t\t\t\t\t\t\t<\/a>\n\t\t<\/div>\n\t<\/div>\n\n\t\t\t\t\t\t\t\t\t\t\t\t\t\t\n\t\n\t<div id=\"ngg-image-162\" class=\"ngg-gallery-thumbnail-box\"\n\t\t\t\t\t\t\t\t\tstyle=\"width:16%;\"\t>\n\t\t<div class=\"ngg-gallery-thumbnail\" >\n\t\t\t<a href=\"\n\t\t\thttps:\/\/www.pinelas.com\/wp-content\/gallery\/ResinaCastable\/Bunny_castable.jpg?t=1482503897\t\t\t\"\n\t\t\t\ttitle=\" \"\n\t\t\t\tclass=\"ngg-fancybox\" rel=\"97b1feb7f4a3a4fb0aee6f51dd0b4cb4\" data-image-id=\"162\" data-src=\"https:\/\/www.pinelas.com\/wp-content\/gallery\/ResinaCastable\/Bunny_castable.jpg?t=1482503897\" data-thumbnail=\"https:\/\/www.pinelas.com\/wp-content\/gallery\/ResinaCastable\/thumbs\/thumbs_Bunny_castable.jpg?t=1482503897\" data-title=\"Resina castable Form 2 con soportes\" data-description=\" \"\t\t\t\t>\n\t\t\t\t\t\t\t\t<img title=\"Resina castable Form 2 con soportes\" alt=\"Resina castable Form 2 con soportes\" src=\"\n\t\t\t\t\t\t\t\t\t\thttps:\/\/www.pinelas.com\/wp-content\/gallery\/ResinaCastable\/thumbs\/thumbs_Bunny_castable.jpg?t=1482503897\t\t\t\t\"\n\t\t\t\t\twidth='150' height='150'\t\t\t\t\/>\n\t\t\t\t\t\t\t<\/a>\n\t\t<\/div>\n\t<\/div>\n\n\t\t\t\t\t\t\t\t\t\t\t\t\t\t\n\t\n\t<div id=\"ngg-image-163\" class=\"ngg-gallery-thumbnail-box\"\n\t\t\t\t\t\t\t\t\tstyle=\"width:16%;\"\t>\n\t\t<div class=\"ngg-gallery-thumbnail\" >\n\t\t\t<a href=\"\n\t\t\thttps:\/\/www.pinelas.com\/wp-content\/gallery\/ResinaCastable\/IMG_0199_600px_gold.jpg?t=1469458971\t\t\t\"\n\t\t\t\ttitle=\" \"\n\t\t\t\tclass=\"ngg-fancybox\" rel=\"97b1feb7f4a3a4fb0aee6f51dd0b4cb4\" data-image-id=\"163\" data-src=\"https:\/\/www.pinelas.com\/wp-content\/gallery\/ResinaCastable\/IMG_0199_600px_gold.jpg?t=1469458971\" data-thumbnail=\"https:\/\/www.pinelas.com\/wp-content\/gallery\/ResinaCastable\/thumbs\/thumbs_IMG_0199_600px_gold.jpg?t=1469458971\" data-title=\"Modelo fundido usando Resina Castable de Form 2\" data-description=\" \"\t\t\t\t>\n\t\t\t\t\t\t\t\t<img title=\"Modelo fundido usando Resina Castable de Form 2\" alt=\"Modelo fundido usando Resina Castable de Form 2\" src=\"\n\t\t\t\t\t\t\t\t\t\thttps:\/\/www.pinelas.com\/wp-content\/gallery\/ResinaCastable\/thumbs\/thumbs_IMG_0199_600px_gold.jpg?t=1469458971\t\t\t\t\"\n\t\t\t\t\twidth='150' height='150'\t\t\t\t\/>\n\t\t\t\t\t\t\t<\/a>\n\t\t<\/div>\n\t<\/div>\n\n\t\t\t\t\t\t\t\t\t\t\t\t\t\t\n\t\n\t<div id=\"ngg-image-164\" class=\"ngg-gallery-thumbnail-box\"\n\t\t\t\t\t\t\t\t\tstyle=\"width:16%;\"\t>\n\t\t<div class=\"ngg-gallery-thumbnail\" >\n\t\t\t<a href=\"\n\t\t\thttps:\/\/www.pinelas.com\/wp-content\/gallery\/ResinaCastable\/IMG_0199_600px.jpg?t=1469458971\t\t\t\"\n\t\t\t\ttitle=\" \"\n\t\t\t\tclass=\"ngg-fancybox\" rel=\"97b1feb7f4a3a4fb0aee6f51dd0b4cb4\" data-image-id=\"164\" data-src=\"https:\/\/www.pinelas.com\/wp-content\/gallery\/ResinaCastable\/IMG_0199_600px.jpg?t=1469458971\" data-thumbnail=\"https:\/\/www.pinelas.com\/wp-content\/gallery\/ResinaCastable\/thumbs\/thumbs_IMG_0199_600px.jpg?t=1469458971\" data-title=\"Modelo fundido usando Resina Castable de Form 2\" data-description=\" \"\t\t\t\t>\n\t\t\t\t\t\t\t\t<img title=\"Modelo fundido usando Resina Castable de Form 2\" alt=\"Modelo fundido usando Resina Castable de Form 2\" src=\"\n\t\t\t\t\t\t\t\t\t\thttps:\/\/www.pinelas.com\/wp-content\/gallery\/ResinaCastable\/thumbs\/thumbs_IMG_0199_600px.jpg?t=1469458971\t\t\t\t\"\n\t\t\t\t\twidth='150' height='150'\t\t\t\t\/>\n\t\t\t\t\t\t\t<\/a>\n\t\t<\/div>\n\t<\/div>\n\n\t\t\t\t\t\t\t\t\t\t\t\t\t\t\n\t\n\t<div id=\"ngg-image-161\" class=\"ngg-gallery-thumbnail-box\"\n\t\t\t\t\t\t\t\t\tstyle=\"width:16%;\"\t>\n\t\t<div class=\"ngg-gallery-thumbnail\" >\n\t\t\t<a href=\"\n\t\t\thttps:\/\/www.pinelas.com\/wp-content\/gallery\/ResinaCastable\/BulldogFixed_Cufflinks_Img01.jpg?t=1469458971\t\t\t\"\n\t\t\t\ttitle=\" \"\n\t\t\t\tclass=\"ngg-fancybox\" rel=\"97b1feb7f4a3a4fb0aee6f51dd0b4cb4\" data-image-id=\"161\" data-src=\"https:\/\/www.pinelas.com\/wp-content\/gallery\/ResinaCastable\/BulldogFixed_Cufflinks_Img01.jpg?t=1469458971\" data-thumbnail=\"https:\/\/www.pinelas.com\/wp-content\/gallery\/ResinaCastable\/thumbs\/thumbs_BulldogFixed_Cufflinks_Img01.jpg?t=1469458971\" data-title=\"Resina Castable y su fundici\u00f3n en plata,\" data-description=\" \"\t\t\t\t>\n\t\t\t\t\t\t\t\t<img title=\"Resina Castable y su fundici\u00f3n en plata,\" alt=\"Resina Castable y su fundici\u00f3n en plata,\" src=\"\n\t\t\t\t\t\t\t\t\t\thttps:\/\/www.pinelas.com\/wp-content\/gallery\/ResinaCastable\/thumbs\/thumbs_BulldogFixed_Cufflinks_Img01.jpg?t=1469458971\t\t\t\t\"\n\t\t\t\t\twidth='150' height='150'\t\t\t\t\/>\n\t\t\t\t\t\t\t<\/a>\n\t\t<\/div>\n\t<\/div>\n\n\t\t\t\t\t\t\t\t\t\t\t\t\t\t\n\t\n\t<div id=\"ngg-image-160\" class=\"ngg-gallery-thumbnail-box\"\n\t\t\t\t\t\t\t\t\tstyle=\"width:16%;\"\t>\n\t\t<div class=\"ngg-gallery-thumbnail\" >\n\t\t\t<a href=\"\n\t\t\thttps:\/\/www.pinelas.com\/wp-content\/gallery\/ResinaCastable\/IMG_0214_T_1024px.jpg?t=1469458971\t\t\t\"\n\t\t\t\ttitle=\" \"\n\t\t\t\tclass=\"ngg-fancybox\" rel=\"97b1feb7f4a3a4fb0aee6f51dd0b4cb4\" data-image-id=\"160\" data-src=\"https:\/\/www.pinelas.com\/wp-content\/gallery\/ResinaCastable\/IMG_0214_T_1024px.jpg?t=1469458971\" data-thumbnail=\"https:\/\/www.pinelas.com\/wp-content\/gallery\/ResinaCastable\/thumbs\/thumbs_IMG_0214_T_1024px.jpg?t=1469458971\" data-title=\"Gemelos impresos en resina castable y fundidos en plata\" data-description=\" \"\t\t\t\t>\n\t\t\t\t\t\t\t\t<img title=\"Gemelos impresos en resina castable y fundidos en plata\" alt=\"Gemelos impresos en resina castable y fundidos en plata\" src=\"\n\t\t\t\t\t\t\t\t\t\thttps:\/\/www.pinelas.com\/wp-content\/gallery\/ResinaCastable\/thumbs\/thumbs_IMG_0214_T_1024px.jpg?t=1469458971\t\t\t\t\"\n\t\t\t\t\twidth='150' height='150'\t\t\t\t\/>\n\t\t\t\t\t\t\t<\/a>\n\t\t<\/div>\n\t<\/div>\n\n\t\t\t\t\t\t\t\t\t\t\t\t\t<br style=\"clear: both\" \/>\n\t\t\t\t\t\t\n\t\n\t<!-- Pagination -->\n\t\t<div class='ngg-clear'><\/div>\n<\/div>\n\n\t<\/p>\n<hr>\n<p>Para recibir presupuesto sin compromiso, puedes enviar el modelo junto con tus indicaciones a <a href=\"mailto:info@pinelas.com\">info@pinelas.com<\/a> y te contestaremos en el menor tiempo posible.<\/p>\n<p>&nbsp;<\/p>\n<p>*Descuentos por multiples unidades.<\/p>\n","protected":false},"excerpt":{"rendered":"<p>Ofrecemos servicios de impresi\u00f3n 3d mediante FORM 2&nbsp; de Formlabs y enviamos a toda Espa\u00f1a y Europa. Resina WHITE Con una resoluci\u00f3n en Z de 0.1mm o&nbsp; 0.05mm,est\u00e1 resina es ideal para imprimir Art toys, esculturas , miniaturas, etc&#8230; Esta resina permite realizar moldes de silicona directamente. Precio de impresi\u00f3n: a partir de 12\u20ac* + [&hellip;]<\/p>\n","protected":false},"author":1,"featured_media":0,"parent":0,"menu_order":0,"comment_status":"closed","ping_status":"closed","template":"","meta":{"ngg_post_thumbnail":0},"_links":{"self":[{"href":"https:\/\/www.pinelas.com\/index.php?rest_route=\/wp\/v2\/pages\/1266"}],"collection":[{"href":"https:\/\/www.pinelas.com\/index.php?rest_route=\/wp\/v2\/pages"}],"about":[{"href":"https:\/\/www.pinelas.com\/index.php?rest_route=\/wp\/v2\/types\/page"}],"author":[{"embeddable":true,"href":"https:\/\/www.pinelas.com\/index.php?rest_route=\/wp\/v2\/users\/1"}],"replies":[{"embeddable":true,"href":"https:\/\/www.pinelas.com\/index.php?rest_route=%2Fwp%2Fv2%2Fcomments&post=1266"}],"version-history":[{"count":15,"href":"https:\/\/www.pinelas.com\/index.php?rest_route=\/wp\/v2\/pages\/1266\/revisions"}],"predecessor-version":[{"id":2078,"href":"https:\/\/www.pinelas.com\/index.php?rest_route=\/wp\/v2\/pages\/1266\/revisions\/2078"}],"wp:attachment":[{"href":"https:\/\/www.pinelas.com\/index.php?rest_route=%2Fwp%2Fv2%2Fmedia&parent=1266"}],"curies":[{"name":"wp","href":"https:\/\/api.w.org\/{rel}","templated":true}]}}