{"id":884,"date":"2015-01-08T12:59:23","date_gmt":"2015-01-08T12:59:23","guid":{"rendered":"http:\/\/www.pinelas.com\/?page_id=884"},"modified":"2015-01-08T13:03:07","modified_gmt":"2015-01-08T13:03:07","slug":"servicios-2","status":"publish","type":"page","link":"https:\/\/www.pinelas.com\/?page_id=884","title":{"rendered":"Servicios"},"content":{"rendered":"<h2>Listado de servicios que ofrezco<\/h2>\n<ul>\n<li>\n<h3>Modelado 3D para <strong>Videojuegos<\/strong> \/ Aplicaciones de tiempo real.<\/h3>\n<\/li>\n<\/ul>\n<blockquote>\n<ol>\n<li style=\"text-align: left;\">Creacion de modelos low\/high polygon.<\/li>\n<li style=\"text-align: left;\">Creaci\u00f3n de texturas: Diffuse, Specular, Normal Mapping, Displacement y Ambient Occlusion.<\/li>\n<li style=\"text-align: left;\">Exportar a su software favorito: 3dsmax, FBX, maya, OBJ, Zbrush, Blender, etc&#8230;<\/li>\n<\/ol>\n<\/blockquote>\n<p><a href=\"http:\/\/www.pinelas.com\/wp-content\/uploads\/2014\/02\/LivesavingSuit01_Compo01.jpg\"><img decoding=\"async\" loading=\"lazy\" class=\"wp-image-235 aligncenter\" src=\"http:\/\/www.pinelas.com\/wp-content\/uploads\/2014\/02\/LivesavingSuit01_Compo01-1024x507.jpg\" alt=\"LivesavingSuit01_Compo01\" width=\"690\" height=\"341\" srcset=\"https:\/\/www.pinelas.com\/wp-content\/uploads\/2014\/02\/LivesavingSuit01_Compo01-1024x507.jpg 1024w, https:\/\/www.pinelas.com\/wp-content\/uploads\/2014\/02\/LivesavingSuit01_Compo01-600x297.jpg 600w, https:\/\/www.pinelas.com\/wp-content\/uploads\/2014\/02\/LivesavingSuit01_Compo01-300x148.jpg 300w, https:\/\/www.pinelas.com\/wp-content\/uploads\/2014\/02\/LivesavingSuit01_Compo01.jpg 1614w\" sizes=\"(max-width: 690px) 100vw, 690px\" \/><\/a><\/p>\n<ul>\n<li>\n<h3><strong>3D Dise\u00f1o de Joyeria.<\/strong><\/h3>\n<\/li>\n<\/ul>\n<p style=\"padding-left: 60px;\">Desde joyer\u00eda cl\u00e1sica con piedras hasta formas org\u00e1nicas. Tengo experiencia en proceso de creaci\u00f3n de una joya: Modelado, Impresi\u00f3n 3d ,fundici\u00f3n a la cera perdida, pulido y engastado.<\/p>\n<blockquote>\n<ol>\n<ol>\n<li>Creaci\u00f3n de joyer\u00eda cl\u00e1sica en 3D usando sus dise\u00f1os y especificaciones.<\/li>\n<li>Modelado org\u00e1nico con Zbrush<\/li>\n<li>Creaci\u00f3n de Renders realistas para su catalogo.<\/li>\n<li>Env\u00edo de los archivos en formato<strong> STL <\/strong> o Rhino (3DM).<\/li>\n<\/ol>\n<\/ol>\n<p><a href=\"http:\/\/www.pinelas.com\/wp-content\/uploads\/2014\/02\/HaloRing_Ver01_Compo_01.jpg\"><img decoding=\"async\" loading=\"lazy\" class=\"wp-image-266 aligncenter\" src=\"http:\/\/www.pinelas.com\/wp-content\/uploads\/2014\/02\/HaloRing_Ver01_Compo_01.jpg\" alt=\"HaloRing_Ver01_Compo_01\" width=\"490\" height=\"250\" srcset=\"https:\/\/www.pinelas.com\/wp-content\/uploads\/2014\/02\/HaloRing_Ver01_Compo_01.jpg 490w, https:\/\/www.pinelas.com\/wp-content\/uploads\/2014\/02\/HaloRing_Ver01_Compo_01-300x153.jpg 300w\" sizes=\"(max-width: 490px) 100vw, 490px\" \/><\/a><\/p><\/blockquote>\n<ul>\n<li><strong>Dise\u00f1o Industrial \/ Esculturas 3D \/ Escaneado 3D<br \/>\n<\/strong><\/li>\n<\/ul>\n<blockquote>\n<ol>\n<li>Modelos 3D industriales para\u00a0 <strong>visualizaci\u00f3n <\/strong>o <strong>impresi\u00f3n 3D<\/strong>. Creados usando mallas poligonales o NURBS( IGES, STEP,3DM)<\/li>\n<li>Reparaci\u00f3n de mallas para impresi\u00f3n 3D.<\/li>\n<li>Escaneado 3D usando escaner de Luz estructurada SLS-2.<\/li>\n<\/ol>\n<\/blockquote>\n<p><a href=\"http:\/\/www.pinelas.com\/wp-content\/uploads\/2014\/02\/Sword_Compo_01.jpg\"><img decoding=\"async\" loading=\"lazy\" class=\"wp-image-238 aligncenter\" src=\"http:\/\/www.pinelas.com\/wp-content\/uploads\/2014\/02\/Sword_Compo_01-1024x648.jpg\" alt=\"Sword_Compo_01\" width=\"690\" height=\"436\" srcset=\"https:\/\/www.pinelas.com\/wp-content\/uploads\/2014\/02\/Sword_Compo_01-1024x648.jpg 1024w, https:\/\/www.pinelas.com\/wp-content\/uploads\/2014\/02\/Sword_Compo_01-600x380.jpg 600w, https:\/\/www.pinelas.com\/wp-content\/uploads\/2014\/02\/Sword_Compo_01-300x190.jpg 300w, https:\/\/www.pinelas.com\/wp-content\/uploads\/2014\/02\/Sword_Compo_01.jpg 1405w\" sizes=\"(max-width: 690px) 100vw, 690px\" \/><\/a><\/p>\n","protected":false},"excerpt":{"rendered":"<p>Listado de servicios que ofrezco Modelado 3D para Videojuegos \/ Aplicaciones de tiempo real. Creacion de modelos low\/high polygon. Creaci\u00f3n de texturas: Diffuse, Specular, Normal Mapping, Displacement y Ambient Occlusion. Exportar a su software favorito: 3dsmax, FBX, maya, OBJ, Zbrush, Blender, etc&#8230; 3D Dise\u00f1o de Joyeria. Desde joyer\u00eda cl\u00e1sica con piedras hasta formas org\u00e1nicas. Tengo [&hellip;]<\/p>\n","protected":false},"author":1,"featured_media":0,"parent":0,"menu_order":0,"comment_status":"closed","ping_status":"open","template":"","meta":{"ngg_post_thumbnail":0},"_links":{"self":[{"href":"https:\/\/www.pinelas.com\/index.php?rest_route=\/wp\/v2\/pages\/884"}],"collection":[{"href":"https:\/\/www.pinelas.com\/index.php?rest_route=\/wp\/v2\/pages"}],"about":[{"href":"https:\/\/www.pinelas.com\/index.php?rest_route=\/wp\/v2\/types\/page"}],"author":[{"embeddable":true,"href":"https:\/\/www.pinelas.com\/index.php?rest_route=\/wp\/v2\/users\/1"}],"replies":[{"embeddable":true,"href":"https:\/\/www.pinelas.com\/index.php?rest_route=%2Fwp%2Fv2%2Fcomments&post=884"}],"version-history":[{"count":3,"href":"https:\/\/www.pinelas.com\/index.php?rest_route=\/wp\/v2\/pages\/884\/revisions"}],"predecessor-version":[{"id":886,"href":"https:\/\/www.pinelas.com\/index.php?rest_route=\/wp\/v2\/pages\/884\/revisions\/886"}],"wp:attachment":[{"href":"https:\/\/www.pinelas.com\/index.php?rest_route=%2Fwp%2Fv2%2Fmedia&parent=884"}],"curies":[{"name":"wp","href":"https:\/\/api.w.org\/{rel}","templated":true}]}}