{"id":905,"date":"2015-01-08T16:11:37","date_gmt":"2015-01-08T16:11:37","guid":{"rendered":"http:\/\/www.pinelas.com\/?page_id=905"},"modified":"2015-01-08T16:14:47","modified_gmt":"2015-01-08T16:14:47","slug":"acerca","status":"publish","type":"page","link":"https:\/\/www.pinelas.com\/?page_id=905","title":{"rendered":"ACERCA"},"content":{"rendered":"<p>Hola!<\/p>\n<p>Un poco de informaci\u00f3n acerca de mi, soy un modelador 3D freelance, y\u00a0 pinelas.com es la p\u00e1gina web a trav\u00e9s de la que ofrezco mis servicios.<\/p>\n<p>Estoy localizado 3n Madrid (Espa\u00f1a), pero realmente esto no importa ya que trabajo principalmente con empresas extranjeras gracias a internet.<\/p>\n<p>Si est\u00e1s interesado en mis servicios o quieres contactar conmigo por otro motivo, usa el formulario de <a href=\".\/?page_id=763\">contacto <\/a>\ud83d\ude42 !<\/p>\n<p>&nbsp;<\/p>\n<p>&nbsp;<\/p>\n","protected":false},"excerpt":{"rendered":"<p>Hola! Un poco de informaci\u00f3n acerca de mi, soy un modelador 3D freelance, y\u00a0 pinelas.com es la p\u00e1gina web a trav\u00e9s de la que ofrezco mis servicios. Estoy localizado 3n Madrid (Espa\u00f1a), pero realmente esto no importa ya que trabajo principalmente con empresas extranjeras gracias a internet. Si est\u00e1s interesado en mis servicios o quieres [&hellip;]<\/p>\n","protected":false},"author":1,"featured_media":0,"parent":0,"menu_order":0,"comment_status":"closed","ping_status":"open","template":"","meta":{"ngg_post_thumbnail":0},"_links":{"self":[{"href":"https:\/\/www.pinelas.com\/index.php?rest_route=\/wp\/v2\/pages\/905"}],"collection":[{"href":"https:\/\/www.pinelas.com\/index.php?rest_route=\/wp\/v2\/pages"}],"about":[{"href":"https:\/\/www.pinelas.com\/index.php?rest_route=\/wp\/v2\/types\/page"}],"author":[{"embeddable":true,"href":"https:\/\/www.pinelas.com\/index.php?rest_route=\/wp\/v2\/users\/1"}],"replies":[{"embeddable":true,"href":"https:\/\/www.pinelas.com\/index.php?rest_route=%2Fwp%2Fv2%2Fcomments&post=905"}],"version-history":[{"count":4,"href":"https:\/\/www.pinelas.com\/index.php?rest_route=\/wp\/v2\/pages\/905\/revisions"}],"predecessor-version":[{"id":907,"href":"https:\/\/www.pinelas.com\/index.php?rest_route=\/wp\/v2\/pages\/905\/revisions\/907"}],"wp:attachment":[{"href":"https:\/\/www.pinelas.com\/index.php?rest_route=%2Fwp%2Fv2%2Fmedia&parent=905"}],"curies":[{"name":"wp","href":"https:\/\/api.w.org\/{rel}","templated":true}]}}